{"id":1601,"date":"2018-05-21T12:49:52","date_gmt":"2018-05-21T10:49:52","guid":{"rendered":"http:\/\/www.nedclad.nl\/?page_id=1601"},"modified":"2019-01-03T23:25:08","modified_gmt":"2019-01-03T22:25:08","slug":"datenschutzrichtlinie","status":"publish","type":"page","link":"https:\/\/nedclad.j-db.nl\/de\/kontakt\/datenschutzrichtlinie\/","title":{"rendered":"Datenschutzrichtlinie"},"content":{"rendered":"<h3><strong>Wer sind wir?<\/strong><\/h3>\n<p>NedClad Technologie B.V. ist ein Unternehmen, das sich auf den Verkauf von Dienstleistungen in Form von Laserbeschichtungen spezialisiert hat. Unsere Website-Adresse lautet: https:\/\/www.nedclad.nl. Unsere Kontaktdaten:<\/p>\n<p>NedClad Technologie B.V.<br \/>\nToermalijnstraat 26<br \/>\n7554 TX Hengelo<\/p>\n<h3><strong>Warum diese Aussage?<\/strong><\/h3>\n<p>Wir sind daf\u00fcr verantwortlich, Ihre pers\u00f6nlichen Daten so gut wie m\u00f6glich zu sch\u00fctzen. Wir m\u00f6chten transparent sein \u00fcber die Arten von Daten, die wir verarbeiten, die Verarbeitungsziele, mit denen wir Daten teilen und welche Rechte Sie haben. Wir werden Sie in dieser Datenschutzerkl\u00e4rung dar\u00fcber informieren.<\/p>\n<p>Wir m\u00f6chten Sie darauf hinweisen, dass wir die pers\u00f6nlichen Daten, die Sie uns zur Verf\u00fcgung stellen, sammeln und verwenden werden, da dies notwendig ist, um eine Vereinbarung mit Ihnen abzuschlie\u00dfen und auszuf\u00fchren. Dies gilt sowohl f\u00fcr unsere (potenziellen) Kunden als auch f\u00fcr Lieferanten, von denen wir Waren und \/ oder Dienstleistungen kaufen.<\/p>\n<p>Wenn Sie ein (potenzieller) Kunde von uns sind, verwenden wir Ihre Daten, um Ihnen ein Angebot zu senden, um bestimmen zu k\u00f6nnen, welche Spezifikationen oder W\u00fcnsche eine bestimmte Ware oder Dienstleistung erf\u00fcllen muss, um Waren liefern zu k\u00f6nnen oder um Arbeiten f\u00fcr Sie ausf\u00fchren zu k\u00f6nnen, Rechnungen zu erstellen und mit Ihnen reibungslos und effizient \u00fcber die Umsetzungsaspekte der Vereinbarung zu kommunizieren.<\/p>\n<p>Wenn Sie ein (potenzieller) Lieferant oder ein anderer Auftragnehmer sind, sind Ihre pers\u00f6nlichen Daten auch f\u00fcr den Abschluss und die Ausf\u00fchrung des Vertrags notwendig. Im Einkauf ist dies notwendig, um Sie wissen zu lassen, welche Spezifikationen oder W\u00fcnsche ein bestimmter Artikel oder Service unserer Meinung nach erf\u00fcllen muss, Sie k\u00f6nnen ein Angebot f\u00fcr eine Anfrage senden. Wir k\u00f6nnen eine Bestellung bei Ihnen aufgeben und Ihre Rechnungen bezahlen sowie mit Ihnen \u00fcber andere Aspekte der Vereinbarung schnell und effizient kommunizieren.<\/p>\n<p>Sie sind nicht verpflichtet uns Ihre personenbezogenen Daten mitzuteilen. Wenn Sie uns unzureichende personenbezogene Daten zur Verf\u00fcgung stellen, ist es m\u00f6glich, dass wir die obengenannten Aktivit\u00e4ten nicht durchf\u00fchren k\u00f6nnen.<\/p>\n<p>&nbsp;<\/p>\n<h3><strong>Welche pers\u00f6nlichen Daten sammeln wir und warum sammeln wir sie?<\/strong><\/h3>\n<p><strong>\u00a0<\/strong><\/p>\n<h3><strong>Kontaktformulare<\/strong><\/h3>\n<p>Auf unserer Website finden Sie ein Kontaktformular, in dem Sie aufgefordert werden, Ihre pers\u00f6nlichen Daten einzugeben. Die personenbezogenen Daten werden nur zu dem Zweck erfasst, Sie zu kontaktieren oder die gew\u00fcnschten Informationen zu senden. Diese Daten werden daher nicht mit anderen geteilt.<\/p>\n<h3><strong>Cookies<\/strong><\/h3>\n<p>Cookies sind kleine Textdateien, die beim Besuch unserer Website auf Ihrem Computer, Tablet oder Smartphone abgelegt werden. In diesen Textdateien werden Informationen gespeichert, die von der Website bei einem sp\u00e4teren Besuch wiedererkannt werden k\u00f6nnen.\u00a0Wir verwenden funktionale Cookies. Wir tun dies zum Beispiel, um Online-Formulare an uns senden zu k\u00f6nnen, wenn Sie sie ausgef\u00fcllt haben.\u00a0Mithilfe von analytischen Cookies k\u00f6nnen wir feststellen, welche Seiten auf unserer Website besucht und angeklickt wurden. Daf\u00fcr verwenden wir Google Analytics. Die Informationen, die Google auf diese Weise sammelt, sind so weit wie m\u00f6glich anonymisiert.<\/p>\n<h3><strong>Eingebettete Inhalte von anderen Websites<\/strong><\/h3>\n<p>Nachrichten auf dieser Website k\u00f6nnen eingebetteten Inhalt anzeigen. (Zum Beispiel Videos, Bilder, Nachrichten). Eingebettete Inhalte von anderen Websites verhalten sich genauso, als ob der Besucher diese andere Website besucht h\u00e4tte.\u00a0Diese Websites k\u00f6nnen Daten \u00fcber Sie sammeln, Cookies verwenden, Drittanbieter-Tracking einbetten und Ihre Interaktion mit diesen eingebetteten Inhalten \u00fcberwachen, einschlie\u00dflich der Interaktion mit eingebetteten Inhalten, wenn Sie \u00fcber ein Konto verf\u00fcgen und bei dieser Website angemeldet sind.<\/p>\n<h3><strong>Mit wem teilen wir Ihre Daten?<\/strong><\/h3>\n<p>Im Zusammenhang mit der Durchf\u00fchrung einer m\u00f6glichen Vereinbarung mit Ihnen, ist es m\u00f6glich, dass wir Ihre pers\u00f6nlichen Daten an die Parteien weitergeben m\u00fcssen, die Teile, Materialien und Produkte an uns liefern oder nach unseren Anweisungen bearbeiten. Wir verwenden auch einen externen Serverraum f\u00fcr die Speicherung von (Daten f\u00fcr) unsere Verkaufs- und Einkaufsverwaltung, zu der Ihre pers\u00f6nlichen Daten geh\u00f6ren. Ihre pers\u00f6nlichen Daten werden daher unserem Serverraumanbieter zur Verf\u00fcgung gestellt. Wir verwenden auch Microsoft Office und die zugeh\u00f6rigen Speicherm\u00f6glichkeiten f\u00fcr E-Mails und andere Dateien.<\/p>\n<h3><strong>Wie lange speichern wir Ihre Daten?<\/strong><\/h3>\n<p>Wenn Sie ein Angebot von uns angefordert haben, aber kein Kunde bei uns sind, l\u00f6schen wir Ihre Daten sp\u00e4testens ein Jahr nach unserem letzten Kontakt. Auch wenn wir von Ihnen ein Angebot erhalten haben, aber kein Kunde von Ihnen geworden sind, werden Ihre personenbezogenen Daten sp\u00e4testens ein Jahr nach unserem letzten Kontakt gel\u00f6scht. Wenn Sie unser Kunde geworden sind oder wir bei Ihnen sind, bewahren wir Ihre pers\u00f6nlichen Daten f\u00fcr einen Zeitraum von sieben Jahren nach dem Ende des Gesch\u00e4ftsjahres auf, in dem die Vereinbarung mit Ihnen vollst\u00e4ndig durchgef\u00fchrt wurde. Der Zeitraum von sieben Jahren entspricht dem Zeitraum, in dem wir verpflichtet sind, unsere Verwaltung f\u00fcr die Steuerbeh\u00f6rden zu f\u00fchren. Nach Ablauf dieser Frist werden wir Ihre pers\u00f6nlichen Daten l\u00f6schen.<\/p>\n<h3>\u00a0<strong>Welche Rechte haben Sie an Ihren Daten?<\/strong><\/h3>\n<p>Sie haben das Recht, uns zu bitten, Ihre pers\u00f6nlichen Daten einzusehen. Gegebenenfalls k\u00f6nnen Sie auch zus\u00e4tzlich Ihre pers\u00f6nlichen Daten anfordern oder Ungenauigkeiten \u00e4ndern. Sie haben auch das Recht zu verlangen, dass wir Ihre personenbezogenen Daten l\u00f6schen oder die Verwendung Ihrer personenbezogenen Daten einschr\u00e4nken. Sie k\u00f6nnen auch der Erhebung und Verwendung Ihrer Daten widersprechen oder eine Beschwerde bei der niederl\u00e4ndischen Datenschutzbeh\u00f6rde einreichen. Schlie\u00dflich k\u00f6nnen Sie uns auffordern, Ihre pers\u00f6nlichen Daten zu erhalten oder diese Daten an eine andere Person zu \u00fcbertragen. Um Ihre Rechte auszu\u00fcben, k\u00f6nnen Sie sich wenden an die Gesch\u00e4ftsleitung der Firma NedClad Technology B.V., Toermalijnstraat 26, 7554 TX Hengelo. Sie k\u00f6nnen uns auch bei Fragen oder f\u00fcr weitere Informationen \u00fcber die Erhebung und Nutzung Ihrer personenbezogenen Daten kontaktieren.<\/p>\n<h3><strong>Wie sch\u00fctzen wir personenbezogene Daten?<\/strong><\/h3>\n<p>Wir gehen mit personenbezogenen Daten sorgsam um und haben technische und organisatorische Ma\u00dfnahmen getroffen, um personenbezogene Daten vor Verlust oder rechtswidriger Verarbeitung zu sch\u00fctzen. Denken Sie an Ma\u00dfnahmen, um unsere Website und IT-Systeme sicher zu nutzen und Missbrauch vorzubeugen. Aber auch f\u00fcr die Sicherheit von physischen R\u00e4umen, in denen Daten gespeichert sind.<\/p>\n","protected":false},"excerpt":{"rendered":"<p>Wer sind wir? NedClad Technologie B.V. ist ein Unternehmen, das sich auf den Verkauf von Dienstleistungen in Form von Laserbeschichtungen spezialisiert hat. Unsere Website-Adresse lautet: https:\/\/www.nedclad.nl. Unsere Kontaktdaten: NedClad Technologie &#8230; <a class=\"read-more\" href=\"https:\/\/nedclad.j-db.nl\/de\/kontakt\/datenschutzrichtlinie\/\">Lees verder<\/a>  &raquo;<\/p>\n","protected":false},"author":5,"featured_media":0,"parent":323,"menu_order":0,"comment_status":"closed","ping_status":"closed","template":"","meta":{"_acf_changed":false,"_monsterinsights_skip_tracking":false,"_monsterinsights_sitenote_active":false,"_monsterinsights_sitenote_note":"","_monsterinsights_sitenote_category":0,"footnotes":""},"class_list":["post-1601","page","type-page","status-publish","hentry"],"acf":{"show_usp":false,"show_cta":false,"cta_text":"M\u00f6chten Sie wissen, was wir f\u00fcr Sie tun k\u00f6nnen?","cta_button":"F\u00fchlen Sie sich frei uns zu kontaktieren","cta_link":null},"yoast_head":"<!-- This site is optimized with the Yoast SEO plugin v27.4 - https:\/\/yoast.com\/product\/yoast-seo-wordpress\/ -->\n<title>Datenschutzrichtlinie | NedClad Technology BV<\/title>\n<meta name=\"robots\" content=\"index, follow, max-snippet:-1, max-image-preview:large, max-video-preview:-1\" \/>\n<link rel=\"canonical\" href=\"https:\/\/nedclad.j-db.nl\/de\/kontakt\/datenschutzrichtlinie\/\" \/>\n<meta property=\"og:locale\" content=\"de_DE\" \/>\n<meta property=\"og:type\" content=\"article\" \/>\n<meta property=\"og:title\" content=\"Datenschutzrichtlinie | NedClad Technology BV\" \/>\n<meta property=\"og:description\" content=\"Wer sind wir? NedClad Technologie B.V. ist ein Unternehmen, das sich auf den Verkauf von Dienstleistungen in Form von Laserbeschichtungen spezialisiert hat. Unsere Website-Adresse lautet: https:\/\/www.nedclad.nl. Unsere Kontaktdaten: NedClad Technologie ... Lees verder &raquo;\" \/>\n<meta property=\"og:url\" content=\"https:\/\/nedclad.j-db.nl\/de\/kontakt\/datenschutzrichtlinie\/\" \/>\n<meta property=\"og:site_name\" content=\"NedClad Technology BV\" \/>\n<meta property=\"article:modified_time\" content=\"2019-01-03T22:25:08+00:00\" \/>\n<meta property=\"og:image\" content=\"https:\/\/nedclad.j-db.nl\/wp-content\/uploads\/NedClad.png\" \/>\n\t<meta property=\"og:image:width\" content=\"400\" \/>\n\t<meta property=\"og:image:height\" content=\"289\" \/>\n\t<meta property=\"og:image:type\" content=\"image\/png\" \/>\n<meta name=\"twitter:card\" content=\"summary_large_image\" \/>\n<meta name=\"twitter:label1\" content=\"Gesch\u00e4tzte Lesezeit\" \/>\n\t<meta name=\"twitter:data1\" content=\"5\u00a0Minuten\" \/>\n<script type=\"application\/ld+json\" class=\"yoast-schema-graph\">{\"@context\":\"https:\\\/\\\/schema.org\",\"@graph\":[{\"@type\":\"WebPage\",\"@id\":\"https:\\\/\\\/nedclad.j-db.nl\\\/de\\\/kontakt\\\/datenschutzrichtlinie\\\/\",\"url\":\"https:\\\/\\\/nedclad.j-db.nl\\\/de\\\/kontakt\\\/datenschutzrichtlinie\\\/\",\"name\":\"Datenschutzrichtlinie | NedClad Technology BV\",\"isPartOf\":{\"@id\":\"https:\\\/\\\/www.nedclad.nl\\\/#website\"},\"datePublished\":\"2018-05-21T10:49:52+00:00\",\"dateModified\":\"2019-01-03T22:25:08+00:00\",\"breadcrumb\":{\"@id\":\"https:\\\/\\\/nedclad.j-db.nl\\\/de\\\/kontakt\\\/datenschutzrichtlinie\\\/#breadcrumb\"},\"inLanguage\":\"de\",\"potentialAction\":[{\"@type\":\"ReadAction\",\"target\":[\"https:\\\/\\\/nedclad.j-db.nl\\\/de\\\/kontakt\\\/datenschutzrichtlinie\\\/\"]}]},{\"@type\":\"BreadcrumbList\",\"@id\":\"https:\\\/\\\/nedclad.j-db.nl\\\/de\\\/kontakt\\\/datenschutzrichtlinie\\\/#breadcrumb\",\"itemListElement\":[{\"@type\":\"ListItem\",\"position\":1,\"name\":\"Home\",\"item\":\"https:\\\/\\\/www.nedclad.nl\\\/de\\\/\"},{\"@type\":\"ListItem\",\"position\":2,\"name\":\"Kontakt\",\"item\":\"https:\\\/\\\/www.nedclad.nl\\\/de\\\/kontakt\\\/\"},{\"@type\":\"ListItem\",\"position\":3,\"name\":\"Datenschutzrichtlinie\"}]},{\"@type\":\"WebSite\",\"@id\":\"https:\\\/\\\/www.nedclad.nl\\\/#website\",\"url\":\"https:\\\/\\\/www.nedclad.nl\\\/\",\"name\":\"NedClad Technology BV\",\"description\":\"specialist in lasercladden\",\"publisher\":{\"@id\":\"https:\\\/\\\/www.nedclad.nl\\\/#organization\"},\"potentialAction\":[{\"@type\":\"SearchAction\",\"target\":{\"@type\":\"EntryPoint\",\"urlTemplate\":\"https:\\\/\\\/www.nedclad.nl\\\/?s={search_term_string}\"},\"query-input\":{\"@type\":\"PropertyValueSpecification\",\"valueRequired\":true,\"valueName\":\"search_term_string\"}}],\"inLanguage\":\"de\"},{\"@type\":\"Organization\",\"@id\":\"https:\\\/\\\/www.nedclad.nl\\\/#organization\",\"name\":\"NedClad Technology BV\",\"url\":\"https:\\\/\\\/www.nedclad.nl\\\/\",\"logo\":{\"@type\":\"ImageObject\",\"inLanguage\":\"de\",\"@id\":\"https:\\\/\\\/www.nedclad.nl\\\/#\\\/schema\\\/logo\\\/image\\\/\",\"url\":\"https:\\\/\\\/www.nedclad.nl\\\/wp-content\\\/uploads\\\/nedclad-logo.png\",\"contentUrl\":\"https:\\\/\\\/www.nedclad.nl\\\/wp-content\\\/uploads\\\/nedclad-logo.png\",\"width\":500,\"height\":150,\"caption\":\"NedClad Technology BV\"},\"image\":{\"@id\":\"https:\\\/\\\/www.nedclad.nl\\\/#\\\/schema\\\/logo\\\/image\\\/\"},\"sameAs\":[\"https:\\\/\\\/www.linkedin.com\\\/company\\\/nedclad-technology-bv\\\/\"]}]}<\/script>\n<!-- \/ Yoast SEO plugin. -->","yoast_head_json":{"title":"Datenschutzrichtlinie | NedClad Technology BV","robots":{"index":"index","follow":"follow","max-snippet":"max-snippet:-1","max-image-preview":"max-image-preview:large","max-video-preview":"max-video-preview:-1"},"canonical":"https:\/\/nedclad.j-db.nl\/de\/kontakt\/datenschutzrichtlinie\/","og_locale":"de_DE","og_type":"article","og_title":"Datenschutzrichtlinie | NedClad Technology BV","og_description":"Wer sind wir? NedClad Technologie B.V. ist ein Unternehmen, das sich auf den Verkauf von Dienstleistungen in Form von Laserbeschichtungen spezialisiert hat. Unsere Website-Adresse lautet: https:\/\/www.nedclad.nl. Unsere Kontaktdaten: NedClad Technologie ... Lees verder &raquo;","og_url":"https:\/\/nedclad.j-db.nl\/de\/kontakt\/datenschutzrichtlinie\/","og_site_name":"NedClad Technology BV","article_modified_time":"2019-01-03T22:25:08+00:00","og_image":[{"width":400,"height":289,"url":"https:\/\/nedclad.j-db.nl\/wp-content\/uploads\/NedClad.png","type":"image\/png"}],"twitter_card":"summary_large_image","twitter_misc":{"Gesch\u00e4tzte Lesezeit":"5\u00a0Minuten"},"schema":{"@context":"https:\/\/schema.org","@graph":[{"@type":"WebPage","@id":"https:\/\/nedclad.j-db.nl\/de\/kontakt\/datenschutzrichtlinie\/","url":"https:\/\/nedclad.j-db.nl\/de\/kontakt\/datenschutzrichtlinie\/","name":"Datenschutzrichtlinie | NedClad Technology BV","isPartOf":{"@id":"https:\/\/www.nedclad.nl\/#website"},"datePublished":"2018-05-21T10:49:52+00:00","dateModified":"2019-01-03T22:25:08+00:00","breadcrumb":{"@id":"https:\/\/nedclad.j-db.nl\/de\/kontakt\/datenschutzrichtlinie\/#breadcrumb"},"inLanguage":"de","potentialAction":[{"@type":"ReadAction","target":["https:\/\/nedclad.j-db.nl\/de\/kontakt\/datenschutzrichtlinie\/"]}]},{"@type":"BreadcrumbList","@id":"https:\/\/nedclad.j-db.nl\/de\/kontakt\/datenschutzrichtlinie\/#breadcrumb","itemListElement":[{"@type":"ListItem","position":1,"name":"Home","item":"https:\/\/www.nedclad.nl\/de\/"},{"@type":"ListItem","position":2,"name":"Kontakt","item":"https:\/\/www.nedclad.nl\/de\/kontakt\/"},{"@type":"ListItem","position":3,"name":"Datenschutzrichtlinie"}]},{"@type":"WebSite","@id":"https:\/\/www.nedclad.nl\/#website","url":"https:\/\/www.nedclad.nl\/","name":"NedClad Technology BV","description":"specialist in lasercladden","publisher":{"@id":"https:\/\/www.nedclad.nl\/#organization"},"potentialAction":[{"@type":"SearchAction","target":{"@type":"EntryPoint","urlTemplate":"https:\/\/www.nedclad.nl\/?s={search_term_string}"},"query-input":{"@type":"PropertyValueSpecification","valueRequired":true,"valueName":"search_term_string"}}],"inLanguage":"de"},{"@type":"Organization","@id":"https:\/\/www.nedclad.nl\/#organization","name":"NedClad Technology BV","url":"https:\/\/www.nedclad.nl\/","logo":{"@type":"ImageObject","inLanguage":"de","@id":"https:\/\/www.nedclad.nl\/#\/schema\/logo\/image\/","url":"https:\/\/www.nedclad.nl\/wp-content\/uploads\/nedclad-logo.png","contentUrl":"https:\/\/www.nedclad.nl\/wp-content\/uploads\/nedclad-logo.png","width":500,"height":150,"caption":"NedClad Technology BV"},"image":{"@id":"https:\/\/www.nedclad.nl\/#\/schema\/logo\/image\/"},"sameAs":["https:\/\/www.linkedin.com\/company\/nedclad-technology-bv\/"]}]}},"_links":{"self":[{"href":"https:\/\/nedclad.j-db.nl\/de\/wp-json\/wp\/v2\/pages\/1601","targetHints":{"allow":["GET"]}}],"collection":[{"href":"https:\/\/nedclad.j-db.nl\/de\/wp-json\/wp\/v2\/pages"}],"about":[{"href":"https:\/\/nedclad.j-db.nl\/de\/wp-json\/wp\/v2\/types\/page"}],"author":[{"embeddable":true,"href":"https:\/\/nedclad.j-db.nl\/de\/wp-json\/wp\/v2\/users\/5"}],"replies":[{"embeddable":true,"href":"https:\/\/nedclad.j-db.nl\/de\/wp-json\/wp\/v2\/comments?post=1601"}],"version-history":[{"count":0,"href":"https:\/\/nedclad.j-db.nl\/de\/wp-json\/wp\/v2\/pages\/1601\/revisions"}],"up":[{"embeddable":true,"href":"https:\/\/nedclad.j-db.nl\/de\/wp-json\/wp\/v2\/pages\/323"}],"wp:attachment":[{"href":"https:\/\/nedclad.j-db.nl\/de\/wp-json\/wp\/v2\/media?parent=1601"}],"curies":[{"name":"wp","href":"https:\/\/api.w.org\/{rel}","templated":true}]}}