{"id":1862,"date":"2015-11-02T00:22:02","date_gmt":"2015-11-01T23:22:02","guid":{"rendered":"https:\/\/www.nedclad.nl\/anwendungen-copy\/"},"modified":"2022-02-07T20:45:44","modified_gmt":"2022-02-07T19:45:44","slug":"anwendungen","status":"publish","type":"page","link":"https:\/\/nedclad.j-db.nl\/de\/anwendungen\/","title":{"rendered":"Anwendungen"},"content":{"rendered":"<p>Laserauftragsschwei\u00dfen wird wird zur\u00a0Verbesserung des Funktionsverhaltens von Bauteilen eingesetzt, um z.B. eine erh\u00f6hte Verschlei\u00df- und\/oder Korrosionsbest\u00e4ndigkeit zu erreichen. Anwendung findet das Verfahren auch bei der\u00a0lokalen Reparatur von verschlissenen, korrodierten, erodierten oder anders besch\u00e4digten Produkten. Dar\u00fcberhinaus ist ein wichtiges Einsatzgebiet das\u00a0Korrigieren von Fehlstellen bei Bearbeitungsfehlern\u00a0wie z. B. Gussm\u00e4ngel oder Fehler in der mechanischen Bearbeitung.<\/p>\n<p>&nbsp;<\/p>\n<p>Daher ist Laserauftragsschwei\u00dfen interessant f\u00fcr viele unterschiedliche Industriezweige:<\/p>\n","protected":false},"excerpt":{"rendered":"<p>Laserauftragsschwei\u00dfen wird wird zur\u00a0Verbesserung des Funktionsverhaltens von Bauteilen eingesetzt, um z.B. eine erh\u00f6hte Verschlei\u00df- und\/oder Korrosionsbest\u00e4ndigkeit zu erreichen. Anwendung findet das Verfahren auch bei der\u00a0lokalen Reparatur von verschlissenen, korrodierten, erodierten &#8230; <a class=\"read-more\" href=\"https:\/\/nedclad.j-db.nl\/de\/anwendungen\/\">Lees verder<\/a>  &raquo;<\/p>\n","protected":false},"author":2,"featured_media":0,"parent":0,"menu_order":20,"comment_status":"closed","ping_status":"closed","template":"","meta":{"_acf_changed":false,"_monsterinsights_skip_tracking":false,"_monsterinsights_sitenote_active":false,"_monsterinsights_sitenote_note":"","_monsterinsights_sitenote_category":0,"footnotes":""},"class_list":["post-1862","page","type-page","status-publish","hentry"],"acf":{"show_usp":false,"show_cta":false,"cta_text":"M\u00f6chten Sie wissen, was wir f\u00fcr Sie tun k\u00f6nnen?","cta_button":"F\u00fchlen Sie sich frei uns zu kontaktieren","cta_link":null},"yoast_head":"<!-- This site is optimized with the Yoast SEO plugin v27.4 - https:\/\/yoast.com\/product\/yoast-seo-wordpress\/ -->\n<title>Anwendungen | NedClad Technology BV<\/title>\n<meta name=\"description\" content=\"Laserauftragsschwei\u00dfen wird zur Verbesserung des Funktionsverhaltens von Bauteilen eingesetzt, um z.B. eine erh\u00f6hte Verschlei\u00df- und\/oder Korrosionsbest\" \/>\n<meta name=\"robots\" content=\"index, follow, max-snippet:-1, max-image-preview:large, max-video-preview:-1\" \/>\n<link rel=\"canonical\" href=\"https:\/\/nedclad.j-db.nl\/de\/anwendungen\/\" \/>\n<meta property=\"og:locale\" content=\"de_DE\" \/>\n<meta property=\"og:type\" content=\"article\" \/>\n<meta property=\"og:title\" content=\"Anwendungen | NedClad Technology BV\" \/>\n<meta property=\"og:description\" content=\"Laserauftragsschwei\u00dfen wird zur Verbesserung des Funktionsverhaltens von Bauteilen eingesetzt, um z.B. eine erh\u00f6hte Verschlei\u00df- und\/oder Korrosionsbest\" \/>\n<meta property=\"og:url\" content=\"https:\/\/nedclad.j-db.nl\/de\/anwendungen\/\" \/>\n<meta property=\"og:site_name\" content=\"NedClad Technology BV\" \/>\n<meta property=\"article:modified_time\" content=\"2022-02-07T19:45:44+00:00\" \/>\n<meta property=\"og:image\" content=\"https:\/\/nedclad.j-db.nl\/wp-content\/uploads\/NedClad.png\" \/>\n\t<meta property=\"og:image:width\" content=\"400\" \/>\n\t<meta property=\"og:image:height\" content=\"289\" \/>\n\t<meta property=\"og:image:type\" content=\"image\/png\" \/>\n<meta name=\"twitter:card\" content=\"summary_large_image\" \/>\n<script type=\"application\/ld+json\" class=\"yoast-schema-graph\">{\"@context\":\"https:\\\/\\\/schema.org\",\"@graph\":[{\"@type\":\"WebPage\",\"@id\":\"https:\\\/\\\/nedclad.j-db.nl\\\/de\\\/anwendungen\\\/\",\"url\":\"https:\\\/\\\/nedclad.j-db.nl\\\/de\\\/anwendungen\\\/\",\"name\":\"Anwendungen | NedClad Technology BV\",\"isPartOf\":{\"@id\":\"https:\\\/\\\/www.nedclad.nl\\\/#website\"},\"datePublished\":\"2015-11-01T23:22:02+00:00\",\"dateModified\":\"2022-02-07T19:45:44+00:00\",\"description\":\"Laserauftragsschwei\u00dfen wird zur Verbesserung des Funktionsverhaltens von Bauteilen eingesetzt, um z.B. eine erh\u00f6hte Verschlei\u00df- und\\\/oder Korrosionsbest\",\"breadcrumb\":{\"@id\":\"https:\\\/\\\/nedclad.j-db.nl\\\/de\\\/anwendungen\\\/#breadcrumb\"},\"inLanguage\":\"de\",\"potentialAction\":[{\"@type\":\"ReadAction\",\"target\":[\"https:\\\/\\\/nedclad.j-db.nl\\\/de\\\/anwendungen\\\/\"]}]},{\"@type\":\"BreadcrumbList\",\"@id\":\"https:\\\/\\\/nedclad.j-db.nl\\\/de\\\/anwendungen\\\/#breadcrumb\",\"itemListElement\":[{\"@type\":\"ListItem\",\"position\":1,\"name\":\"Home\",\"item\":\"https:\\\/\\\/www.nedclad.nl\\\/de\\\/\"},{\"@type\":\"ListItem\",\"position\":2,\"name\":\"Anwendungen\"}]},{\"@type\":\"WebSite\",\"@id\":\"https:\\\/\\\/www.nedclad.nl\\\/#website\",\"url\":\"https:\\\/\\\/www.nedclad.nl\\\/\",\"name\":\"NedClad Technology BV\",\"description\":\"specialist in lasercladden\",\"publisher\":{\"@id\":\"https:\\\/\\\/www.nedclad.nl\\\/#organization\"},\"potentialAction\":[{\"@type\":\"SearchAction\",\"target\":{\"@type\":\"EntryPoint\",\"urlTemplate\":\"https:\\\/\\\/www.nedclad.nl\\\/?s={search_term_string}\"},\"query-input\":{\"@type\":\"PropertyValueSpecification\",\"valueRequired\":true,\"valueName\":\"search_term_string\"}}],\"inLanguage\":\"de\"},{\"@type\":\"Organization\",\"@id\":\"https:\\\/\\\/www.nedclad.nl\\\/#organization\",\"name\":\"NedClad Technology BV\",\"url\":\"https:\\\/\\\/www.nedclad.nl\\\/\",\"logo\":{\"@type\":\"ImageObject\",\"inLanguage\":\"de\",\"@id\":\"https:\\\/\\\/www.nedclad.nl\\\/#\\\/schema\\\/logo\\\/image\\\/\",\"url\":\"https:\\\/\\\/www.nedclad.nl\\\/wp-content\\\/uploads\\\/nedclad-logo.png\",\"contentUrl\":\"https:\\\/\\\/www.nedclad.nl\\\/wp-content\\\/uploads\\\/nedclad-logo.png\",\"width\":500,\"height\":150,\"caption\":\"NedClad Technology BV\"},\"image\":{\"@id\":\"https:\\\/\\\/www.nedclad.nl\\\/#\\\/schema\\\/logo\\\/image\\\/\"},\"sameAs\":[\"https:\\\/\\\/www.linkedin.com\\\/company\\\/nedclad-technology-bv\\\/\"]}]}<\/script>\n<!-- \/ Yoast SEO plugin. -->","yoast_head_json":{"title":"Anwendungen | NedClad Technology BV","description":"Laserauftragsschwei\u00dfen wird zur Verbesserung des Funktionsverhaltens von Bauteilen eingesetzt, um z.B. eine erh\u00f6hte Verschlei\u00df- und\/oder Korrosionsbest","robots":{"index":"index","follow":"follow","max-snippet":"max-snippet:-1","max-image-preview":"max-image-preview:large","max-video-preview":"max-video-preview:-1"},"canonical":"https:\/\/nedclad.j-db.nl\/de\/anwendungen\/","og_locale":"de_DE","og_type":"article","og_title":"Anwendungen | NedClad Technology BV","og_description":"Laserauftragsschwei\u00dfen wird zur Verbesserung des Funktionsverhaltens von Bauteilen eingesetzt, um z.B. eine erh\u00f6hte Verschlei\u00df- und\/oder Korrosionsbest","og_url":"https:\/\/nedclad.j-db.nl\/de\/anwendungen\/","og_site_name":"NedClad Technology BV","article_modified_time":"2022-02-07T19:45:44+00:00","og_image":[{"width":400,"height":289,"url":"https:\/\/nedclad.j-db.nl\/wp-content\/uploads\/NedClad.png","type":"image\/png"}],"twitter_card":"summary_large_image","schema":{"@context":"https:\/\/schema.org","@graph":[{"@type":"WebPage","@id":"https:\/\/nedclad.j-db.nl\/de\/anwendungen\/","url":"https:\/\/nedclad.j-db.nl\/de\/anwendungen\/","name":"Anwendungen | NedClad Technology BV","isPartOf":{"@id":"https:\/\/www.nedclad.nl\/#website"},"datePublished":"2015-11-01T23:22:02+00:00","dateModified":"2022-02-07T19:45:44+00:00","description":"Laserauftragsschwei\u00dfen wird zur Verbesserung des Funktionsverhaltens von Bauteilen eingesetzt, um z.B. eine erh\u00f6hte Verschlei\u00df- und\/oder Korrosionsbest","breadcrumb":{"@id":"https:\/\/nedclad.j-db.nl\/de\/anwendungen\/#breadcrumb"},"inLanguage":"de","potentialAction":[{"@type":"ReadAction","target":["https:\/\/nedclad.j-db.nl\/de\/anwendungen\/"]}]},{"@type":"BreadcrumbList","@id":"https:\/\/nedclad.j-db.nl\/de\/anwendungen\/#breadcrumb","itemListElement":[{"@type":"ListItem","position":1,"name":"Home","item":"https:\/\/www.nedclad.nl\/de\/"},{"@type":"ListItem","position":2,"name":"Anwendungen"}]},{"@type":"WebSite","@id":"https:\/\/www.nedclad.nl\/#website","url":"https:\/\/www.nedclad.nl\/","name":"NedClad Technology BV","description":"specialist in lasercladden","publisher":{"@id":"https:\/\/www.nedclad.nl\/#organization"},"potentialAction":[{"@type":"SearchAction","target":{"@type":"EntryPoint","urlTemplate":"https:\/\/www.nedclad.nl\/?s={search_term_string}"},"query-input":{"@type":"PropertyValueSpecification","valueRequired":true,"valueName":"search_term_string"}}],"inLanguage":"de"},{"@type":"Organization","@id":"https:\/\/www.nedclad.nl\/#organization","name":"NedClad Technology BV","url":"https:\/\/www.nedclad.nl\/","logo":{"@type":"ImageObject","inLanguage":"de","@id":"https:\/\/www.nedclad.nl\/#\/schema\/logo\/image\/","url":"https:\/\/www.nedclad.nl\/wp-content\/uploads\/nedclad-logo.png","contentUrl":"https:\/\/www.nedclad.nl\/wp-content\/uploads\/nedclad-logo.png","width":500,"height":150,"caption":"NedClad Technology BV"},"image":{"@id":"https:\/\/www.nedclad.nl\/#\/schema\/logo\/image\/"},"sameAs":["https:\/\/www.linkedin.com\/company\/nedclad-technology-bv\/"]}]}},"_links":{"self":[{"href":"https:\/\/nedclad.j-db.nl\/de\/wp-json\/wp\/v2\/pages\/1862","targetHints":{"allow":["GET"]}}],"collection":[{"href":"https:\/\/nedclad.j-db.nl\/de\/wp-json\/wp\/v2\/pages"}],"about":[{"href":"https:\/\/nedclad.j-db.nl\/de\/wp-json\/wp\/v2\/types\/page"}],"author":[{"embeddable":true,"href":"https:\/\/nedclad.j-db.nl\/de\/wp-json\/wp\/v2\/users\/2"}],"replies":[{"embeddable":true,"href":"https:\/\/nedclad.j-db.nl\/de\/wp-json\/wp\/v2\/comments?post=1862"}],"version-history":[{"count":0,"href":"https:\/\/nedclad.j-db.nl\/de\/wp-json\/wp\/v2\/pages\/1862\/revisions"}],"wp:attachment":[{"href":"https:\/\/nedclad.j-db.nl\/de\/wp-json\/wp\/v2\/media?parent=1862"}],"curies":[{"name":"wp","href":"https:\/\/api.w.org\/{rel}","templated":true}]}}