{"id":2117,"date":"2015-11-02T00:25:02","date_gmt":"2015-11-01T23:25:02","guid":{"rendered":"https:\/\/www.nedclad.nl\/home-copy\/"},"modified":"2023-10-10T21:30:57","modified_gmt":"2023-10-10T19:30:57","slug":"home","status":"publish","type":"page","link":"https:\/\/nedclad.j-db.nl\/de\/","title":{"rendered":"Home"},"content":{"rendered":"\r\n<div class=\"wp-block-columns is-layout-flex wp-container-core-columns-is-layout-9d6595d7 wp-block-columns-is-layout-flex\">\r\n<div class=\"wp-block-column is-layout-flow wp-block-column-is-layout-flow\" style=\"flex-basis: 66.66%;\">\r\n<p>NedClad Technology ist Spezialist f\u00fcr das Laserauftragsschwei\u00dfen und insbesondere f\u00fcr das Laserplattieren. Bei dieser fortschrittlichen Technik werden metallische Beschichtungen mit Hilfe eines Hochleistungslasers auf Maschinen- und Anlagenteile aufgetragen. Das Laserplattieren stellt sicher, dass die aufgetragene Schicht optimal mit dem Grundmaterial verbunden wird. Es wird verwendet f\u00fcr:<\/p>\r\n<ul>\r\n<li>Neuteile zur Verbesserung des Funktionsverhaltens im Sinne der erh\u00f6hten Verschlei\u00df- und\/oder Korrosionsbest\u00e4ndigkeit.<\/li>\r\n<li>Reparaturteile mit lokalem Verschlei\u00df und f\u00fcr korrodierte, erodierte oder auch mechanisch besch\u00e4digte Produkte.<\/li>\r\n<li>Korrekturarbeiten von Fehlstellen bei Bearbeitungsfehlern wie z. B. Gussm\u00e4ngel oder Fehlern in der mechanischen Bearbeitung.<\/li>\r\n<\/ul>\r\n<h2>Expertise im Laserplattieren<\/h2>\r\n<p>Durch die Kombination aus jahrelanger Erfahrung im Laserauftragsschwei\u00dfen und speziellen Techniken wie dem Laserplattieren ist NedClad optimal aufgestellt, um Komponenten zu plattieren und so ihre Lebensdauer zu verl\u00e4ngern. Das Plattieren von Produkten mittels Lasertechnik gew\u00e4hrleistet eine hohe Qualit\u00e4t und Langlebigkeit. Unsere Mitarbeiter verf\u00fcgen \u00fcber umfangreiche Kenntnisse sowohl im allgemeinen Laserauftragsschwei\u00dfen als auch in speziellen Plattierungstechniken. Auf der Basis eines breit aufgestellten Netzwerks bietet NedClad als Systemanbieter auch die erforderlichen Vor- und Nachbearbeitungen der Bauteile an. Sie sind bei uns also an der richtigen Stelle f\u00fcr diverse Projekte rund um das Laserauftragschwei\u00dfen.<\/p>\r\n<p>Erkundigen Sie sich nach den M\u00f6glichkeiten<\/p>\r\n<p>Wenn Sie Interesse an modernsten Technologien wie dem Laserplattieren oder dem allgemeinen Laserauftragsschwei\u00dfen haben und mehr dar\u00fcber erfahren m\u00f6chten, wie wir Komponenten plattieren oder herstellen, ist NedClad Technology Ihr idealer Partner. Die Qualit\u00e4t und Pr\u00e4zision unserer laserbeschichteten Werkst\u00fccke sind branchenf\u00fchrend. Nutzen Sie unsere Expertise, um die Lebensdauer Ihrer Maschinen und Anlagenteile f\u00fcr <a href=\"https:\/\/www.nedclad.nl\/de\/anwendungen\/\">verschiedene Anwendungen<\/a> zu verl\u00e4ngern. Kontaktieren Sie uns, um Ihre Produkte herstellen oder anpassen zu lassen.<\/p>\r\n\r\n\r\n\r\n<p>&nbsp;<\/p>\r\n<\/div>\r\n\r\n\r\n\r\n<div class=\"wp-block-column is-layout-flow wp-block-column-is-layout-flow\" style=\"flex-basis: 33.33%;\"><div class=\"wp-block-image\">\r\n<figure class=\"aligncenter size-large\"><img decoding=\"async\" width=\"954\" height=\"1024\" class=\"wp-image-2311\" title=\"ISO 9001\" src=\"https:\/\/www.nedclad.nl\/wp-content\/uploads\/\/ISO-9001-2015-CMYK-954x1024.jpg\" alt=\"\" srcset=\"https:\/\/nedclad.j-db.nl\/wp-content\/uploads\/ISO-9001-2015-CMYK-954x1024.jpg 954w, https:\/\/nedclad.j-db.nl\/wp-content\/uploads\/ISO-9001-2015-CMYK-279x300.jpg 279w, https:\/\/nedclad.j-db.nl\/wp-content\/uploads\/ISO-9001-2015-CMYK-768x825.jpg 768w, https:\/\/nedclad.j-db.nl\/wp-content\/uploads\/ISO-9001-2015-CMYK-930x999.jpg 930w, https:\/\/nedclad.j-db.nl\/wp-content\/uploads\/ISO-9001-2015-CMYK.jpg 1100w\" sizes=\"(max-width: 954px) 100vw, 954px\" \/><\/figure>\r\n<\/div><\/div>\r\n<\/div>\r\n","protected":false},"excerpt":{"rendered":"<p>NedClad Technology ist Spezialist f\u00fcr das Laserauftragsschwei\u00dfen und insbesondere f\u00fcr das Laserplattieren. Bei dieser fortschrittlichen Technik werden metallische Beschichtungen mit Hilfe eines Hochleistungslasers auf Maschinen- und Anlagenteile aufgetragen. Das Laserplattieren &#8230; <a class=\"read-more\" href=\"https:\/\/nedclad.j-db.nl\/de\/\">Lees verder<\/a>  &raquo;<\/p>\n","protected":false},"author":2,"featured_media":0,"parent":0,"menu_order":1,"comment_status":"closed","ping_status":"closed","template":"content-home.php","meta":{"_acf_changed":false,"_monsterinsights_skip_tracking":false,"_monsterinsights_sitenote_active":false,"_monsterinsights_sitenote_note":"","_monsterinsights_sitenote_category":0,"footnotes":""},"class_list":["post-2117","page","type-page","status-publish","hentry"],"acf":{"show_usp":true,"show_cta":false,"cta_text":"M\u00f6chten Sie wissen, was wir f\u00fcr Sie tun k\u00f6nnen?","cta_button":"F\u00fchlen Sie sich frei uns zu kontaktieren","cta_link":null},"yoast_head":"<!-- This site is optimized with the Yoast SEO plugin v27.4 - https:\/\/yoast.com\/product\/yoast-seo-wordpress\/ -->\n<title>NedClad Technology BV \u2013 Spezialist f\u00fcr Laserauftragsschwei\u00dfen<\/title>\n<meta name=\"description\" content=\"M\u00f6chten Sie Ihre Teile laserplattieren lassen? Unsere Spezialisten sorgen daf\u00fcr, dass Ihre Materialien l\u00e4nger halten. Kontaktieren Sie uns.\" \/>\n<meta name=\"robots\" content=\"index, follow, max-snippet:-1, max-image-preview:large, max-video-preview:-1\" \/>\n<link rel=\"canonical\" href=\"https:\/\/nedclad.j-db.nl\/de\/\" \/>\n<meta property=\"og:locale\" content=\"de_DE\" \/>\n<meta property=\"og:type\" content=\"article\" \/>\n<meta property=\"og:title\" content=\"NedClad Technology BV\" \/>\n<meta property=\"og:description\" content=\"NedClad Technology ist Spezialist f\u00fcr das Laserauftragsschwei\u00dfen. Bei dieser Technik werden metallische Beschichtungen mit Hilfe eines Hochleistungslasers auf Maschinen- und Anlagenteile aufgetragen.\" \/>\n<meta property=\"og:url\" content=\"https:\/\/nedclad.j-db.nl\/de\/\" \/>\n<meta property=\"og:site_name\" content=\"NedClad Technology BV\" \/>\n<meta property=\"article:modified_time\" content=\"2023-10-10T19:30:57+00:00\" \/>\n<meta property=\"og:image\" content=\"https:\/\/www.nedclad.nl\/wp-content\/uploads\/Homepage_DE.png\" \/>\n\t<meta property=\"og:image:width\" content=\"1200\" \/>\n\t<meta property=\"og:image:height\" content=\"630\" \/>\n\t<meta property=\"og:image:type\" content=\"image\/png\" \/>\n<meta name=\"twitter:card\" content=\"summary_large_image\" \/>\n<meta name=\"twitter:image\" content=\"https:\/\/www.nedclad.nl\/wp-content\/uploads\/Homepage_NL.png\" \/>\n<meta name=\"twitter:label1\" content=\"Gesch\u00e4tzte Lesezeit\" \/>\n\t<meta name=\"twitter:data1\" content=\"1\u00a0Minute\" \/>\n<script type=\"application\/ld+json\" class=\"yoast-schema-graph\">{\"@context\":\"https:\\\/\\\/schema.org\",\"@graph\":[{\"@type\":\"WebPage\",\"@id\":\"https:\\\/\\\/nedclad.j-db.nl\\\/de\\\/\",\"url\":\"https:\\\/\\\/nedclad.j-db.nl\\\/de\\\/\",\"name\":\"NedClad Technology BV \u2013 Spezialist f\u00fcr Laserauftragsschwei\u00dfen\",\"isPartOf\":{\"@id\":\"https:\\\/\\\/www.nedclad.nl\\\/#website\"},\"primaryImageOfPage\":{\"@id\":\"https:\\\/\\\/nedclad.j-db.nl\\\/de\\\/#primaryimage\"},\"image\":{\"@id\":\"https:\\\/\\\/nedclad.j-db.nl\\\/de\\\/#primaryimage\"},\"thumbnailUrl\":\"https:\\\/\\\/www.nedclad.nl\\\/wp-content\\\/uploads\\\/\\\/ISO-9001-2015-CMYK-954x1024.jpg\",\"datePublished\":\"2015-11-01T23:25:02+00:00\",\"dateModified\":\"2023-10-10T19:30:57+00:00\",\"description\":\"M\u00f6chten Sie Ihre Teile laserplattieren lassen? Unsere Spezialisten sorgen daf\u00fcr, dass Ihre Materialien l\u00e4nger halten. Kontaktieren Sie uns.\",\"breadcrumb\":{\"@id\":\"https:\\\/\\\/nedclad.j-db.nl\\\/de\\\/#breadcrumb\"},\"inLanguage\":\"de\",\"potentialAction\":[{\"@type\":\"ReadAction\",\"target\":[\"https:\\\/\\\/nedclad.j-db.nl\\\/de\\\/\"]}]},{\"@type\":\"ImageObject\",\"inLanguage\":\"de\",\"@id\":\"https:\\\/\\\/nedclad.j-db.nl\\\/de\\\/#primaryimage\",\"url\":\"https:\\\/\\\/www.nedclad.nl\\\/wp-content\\\/uploads\\\/\\\/ISO-9001-2015-CMYK-954x1024.jpg\",\"contentUrl\":\"https:\\\/\\\/www.nedclad.nl\\\/wp-content\\\/uploads\\\/\\\/ISO-9001-2015-CMYK-954x1024.jpg\"},{\"@type\":\"BreadcrumbList\",\"@id\":\"https:\\\/\\\/nedclad.j-db.nl\\\/de\\\/#breadcrumb\",\"itemListElement\":[{\"@type\":\"ListItem\",\"position\":1,\"name\":\"Home\",\"item\":\"https:\\\/\\\/www.nedclad.nl\\\/de\\\/\"},{\"@type\":\"ListItem\",\"position\":2,\"name\":\"Home\"}]},{\"@type\":\"WebSite\",\"@id\":\"https:\\\/\\\/www.nedclad.nl\\\/#website\",\"url\":\"https:\\\/\\\/www.nedclad.nl\\\/\",\"name\":\"NedClad Technology BV\",\"description\":\"specialist in lasercladden\",\"publisher\":{\"@id\":\"https:\\\/\\\/www.nedclad.nl\\\/#organization\"},\"potentialAction\":[{\"@type\":\"SearchAction\",\"target\":{\"@type\":\"EntryPoint\",\"urlTemplate\":\"https:\\\/\\\/www.nedclad.nl\\\/?s={search_term_string}\"},\"query-input\":{\"@type\":\"PropertyValueSpecification\",\"valueRequired\":true,\"valueName\":\"search_term_string\"}}],\"inLanguage\":\"de\"},{\"@type\":\"Organization\",\"@id\":\"https:\\\/\\\/www.nedclad.nl\\\/#organization\",\"name\":\"NedClad Technology BV\",\"url\":\"https:\\\/\\\/www.nedclad.nl\\\/\",\"logo\":{\"@type\":\"ImageObject\",\"inLanguage\":\"de\",\"@id\":\"https:\\\/\\\/www.nedclad.nl\\\/#\\\/schema\\\/logo\\\/image\\\/\",\"url\":\"https:\\\/\\\/www.nedclad.nl\\\/wp-content\\\/uploads\\\/nedclad-logo.png\",\"contentUrl\":\"https:\\\/\\\/www.nedclad.nl\\\/wp-content\\\/uploads\\\/nedclad-logo.png\",\"width\":500,\"height\":150,\"caption\":\"NedClad Technology BV\"},\"image\":{\"@id\":\"https:\\\/\\\/www.nedclad.nl\\\/#\\\/schema\\\/logo\\\/image\\\/\"},\"sameAs\":[\"https:\\\/\\\/www.linkedin.com\\\/company\\\/nedclad-technology-bv\\\/\"]}]}<\/script>\n<!-- \/ Yoast SEO plugin. -->","yoast_head_json":{"title":"NedClad Technology BV \u2013 Spezialist f\u00fcr Laserauftragsschwei\u00dfen","description":"M\u00f6chten Sie Ihre Teile laserplattieren lassen? Unsere Spezialisten sorgen daf\u00fcr, dass Ihre Materialien l\u00e4nger halten. Kontaktieren Sie uns.","robots":{"index":"index","follow":"follow","max-snippet":"max-snippet:-1","max-image-preview":"max-image-preview:large","max-video-preview":"max-video-preview:-1"},"canonical":"https:\/\/nedclad.j-db.nl\/de\/","og_locale":"de_DE","og_type":"article","og_title":"NedClad Technology BV","og_description":"NedClad Technology ist Spezialist f\u00fcr das Laserauftragsschwei\u00dfen. Bei dieser Technik werden metallische Beschichtungen mit Hilfe eines Hochleistungslasers auf Maschinen- und Anlagenteile aufgetragen.","og_url":"https:\/\/nedclad.j-db.nl\/de\/","og_site_name":"NedClad Technology BV","article_modified_time":"2023-10-10T19:30:57+00:00","og_image":[{"width":1200,"height":630,"url":"https:\/\/www.nedclad.nl\/wp-content\/uploads\/Homepage_DE.png","type":"image\/png"}],"twitter_card":"summary_large_image","twitter_image":"https:\/\/www.nedclad.nl\/wp-content\/uploads\/Homepage_NL.png","twitter_misc":{"Gesch\u00e4tzte Lesezeit":"1\u00a0Minute"},"schema":{"@context":"https:\/\/schema.org","@graph":[{"@type":"WebPage","@id":"https:\/\/nedclad.j-db.nl\/de\/","url":"https:\/\/nedclad.j-db.nl\/de\/","name":"NedClad Technology BV \u2013 Spezialist f\u00fcr Laserauftragsschwei\u00dfen","isPartOf":{"@id":"https:\/\/www.nedclad.nl\/#website"},"primaryImageOfPage":{"@id":"https:\/\/nedclad.j-db.nl\/de\/#primaryimage"},"image":{"@id":"https:\/\/nedclad.j-db.nl\/de\/#primaryimage"},"thumbnailUrl":"https:\/\/www.nedclad.nl\/wp-content\/uploads\/\/ISO-9001-2015-CMYK-954x1024.jpg","datePublished":"2015-11-01T23:25:02+00:00","dateModified":"2023-10-10T19:30:57+00:00","description":"M\u00f6chten Sie Ihre Teile laserplattieren lassen? Unsere Spezialisten sorgen daf\u00fcr, dass Ihre Materialien l\u00e4nger halten. Kontaktieren Sie uns.","breadcrumb":{"@id":"https:\/\/nedclad.j-db.nl\/de\/#breadcrumb"},"inLanguage":"de","potentialAction":[{"@type":"ReadAction","target":["https:\/\/nedclad.j-db.nl\/de\/"]}]},{"@type":"ImageObject","inLanguage":"de","@id":"https:\/\/nedclad.j-db.nl\/de\/#primaryimage","url":"https:\/\/www.nedclad.nl\/wp-content\/uploads\/\/ISO-9001-2015-CMYK-954x1024.jpg","contentUrl":"https:\/\/www.nedclad.nl\/wp-content\/uploads\/\/ISO-9001-2015-CMYK-954x1024.jpg"},{"@type":"BreadcrumbList","@id":"https:\/\/nedclad.j-db.nl\/de\/#breadcrumb","itemListElement":[{"@type":"ListItem","position":1,"name":"Home","item":"https:\/\/www.nedclad.nl\/de\/"},{"@type":"ListItem","position":2,"name":"Home"}]},{"@type":"WebSite","@id":"https:\/\/www.nedclad.nl\/#website","url":"https:\/\/www.nedclad.nl\/","name":"NedClad Technology BV","description":"specialist in lasercladden","publisher":{"@id":"https:\/\/www.nedclad.nl\/#organization"},"potentialAction":[{"@type":"SearchAction","target":{"@type":"EntryPoint","urlTemplate":"https:\/\/www.nedclad.nl\/?s={search_term_string}"},"query-input":{"@type":"PropertyValueSpecification","valueRequired":true,"valueName":"search_term_string"}}],"inLanguage":"de"},{"@type":"Organization","@id":"https:\/\/www.nedclad.nl\/#organization","name":"NedClad Technology BV","url":"https:\/\/www.nedclad.nl\/","logo":{"@type":"ImageObject","inLanguage":"de","@id":"https:\/\/www.nedclad.nl\/#\/schema\/logo\/image\/","url":"https:\/\/www.nedclad.nl\/wp-content\/uploads\/nedclad-logo.png","contentUrl":"https:\/\/www.nedclad.nl\/wp-content\/uploads\/nedclad-logo.png","width":500,"height":150,"caption":"NedClad Technology BV"},"image":{"@id":"https:\/\/www.nedclad.nl\/#\/schema\/logo\/image\/"},"sameAs":["https:\/\/www.linkedin.com\/company\/nedclad-technology-bv\/"]}]}},"_links":{"self":[{"href":"https:\/\/nedclad.j-db.nl\/de\/wp-json\/wp\/v2\/pages\/2117","targetHints":{"allow":["GET"]}}],"collection":[{"href":"https:\/\/nedclad.j-db.nl\/de\/wp-json\/wp\/v2\/pages"}],"about":[{"href":"https:\/\/nedclad.j-db.nl\/de\/wp-json\/wp\/v2\/types\/page"}],"author":[{"embeddable":true,"href":"https:\/\/nedclad.j-db.nl\/de\/wp-json\/wp\/v2\/users\/2"}],"replies":[{"embeddable":true,"href":"https:\/\/nedclad.j-db.nl\/de\/wp-json\/wp\/v2\/comments?post=2117"}],"version-history":[{"count":3,"href":"https:\/\/nedclad.j-db.nl\/de\/wp-json\/wp\/v2\/pages\/2117\/revisions"}],"predecessor-version":[{"id":2562,"href":"https:\/\/nedclad.j-db.nl\/de\/wp-json\/wp\/v2\/pages\/2117\/revisions\/2562"}],"wp:attachment":[{"href":"https:\/\/nedclad.j-db.nl\/de\/wp-json\/wp\/v2\/media?parent=2117"}],"curies":[{"name":"wp","href":"https:\/\/api.w.org\/{rel}","templated":true}]}}