{"id":295,"date":"2016-02-06T13:08:54","date_gmt":"2016-02-06T12:08:54","guid":{"rendered":"http:\/\/www.nedclad.nl\/?page_id=295"},"modified":"2022-02-24T00:38:27","modified_gmt":"2022-02-23T23:38:27","slug":"stellenangebote","status":"publish","type":"page","link":"https:\/\/nedclad.j-db.nl\/de\/ueber-uns\/stellenangebote\/","title":{"rendered":"Stellenangebote"},"content":{"rendered":"<p>Aktuell sind keine freien Stellen zu besetzen.<\/p>\n","protected":false},"excerpt":{"rendered":"<p>Aktuell sind keine freien Stellen zu besetzen.<\/p>\n","protected":false},"author":5,"featured_media":0,"parent":371,"menu_order":44,"comment_status":"closed","ping_status":"closed","template":"","meta":{"_acf_changed":false,"_monsterinsights_skip_tracking":false,"_monsterinsights_sitenote_active":false,"_monsterinsights_sitenote_note":"","_monsterinsights_sitenote_category":0,"footnotes":""},"class_list":["post-295","page","type-page","status-publish","hentry"],"acf":{"show_usp":false,"show_cta":false,"cta_text":"M\u00f6chten Sie wissen, was wir f\u00fcr Sie tun k\u00f6nnen?","cta_button":"F\u00fchlen Sie sich frei uns zu kontaktieren","cta_link":null},"yoast_head":"<!-- This site is optimized with the Yoast SEO plugin v27.4 - https:\/\/yoast.com\/product\/yoast-seo-wordpress\/ -->\n<title>Stellenangebote | NedClad Technology BV<\/title>\n<meta name=\"description\" content=\"Sehen Sie sich hier die \u00dcbersicht der aktuellen Stellenangebote bei NedClad an und bewerben Sie sich oder schreiben Sie uns eine Initiativbewerbung!\" \/>\n<meta name=\"robots\" content=\"index, follow, max-snippet:-1, max-image-preview:large, max-video-preview:-1\" \/>\n<link rel=\"canonical\" href=\"https:\/\/nedclad.j-db.nl\/de\/ueber-uns\/stellenangebote\/\" \/>\n<meta property=\"og:locale\" content=\"de_DE\" \/>\n<meta property=\"og:type\" content=\"article\" \/>\n<meta property=\"og:title\" content=\"Stellenangebote | NedClad Technology BV\" \/>\n<meta property=\"og:description\" content=\"Sehen Sie sich hier die \u00dcbersicht der aktuellen Stellenangebote bei NedClad an und bewerben Sie sich oder schreiben Sie uns eine Initiativbewerbung!\" \/>\n<meta property=\"og:url\" content=\"https:\/\/nedclad.j-db.nl\/de\/ueber-uns\/stellenangebote\/\" \/>\n<meta property=\"og:site_name\" content=\"NedClad Technology BV\" \/>\n<meta property=\"article:modified_time\" content=\"2022-02-23T23:38:27+00:00\" \/>\n<meta property=\"og:image\" content=\"https:\/\/nedclad.j-db.nl\/wp-content\/uploads\/NedClad.png\" \/>\n\t<meta property=\"og:image:width\" content=\"400\" \/>\n\t<meta property=\"og:image:height\" content=\"289\" \/>\n\t<meta property=\"og:image:type\" content=\"image\/png\" \/>\n<meta name=\"twitter:card\" content=\"summary_large_image\" \/>\n<meta name=\"twitter:title\" content=\"Stellenangebote | NedClad Technology BV\" \/>\n<meta name=\"twitter:description\" content=\"Sehen Sie sich hier die \u00dcbersicht der aktuellen Stellenangebote bei NedClad an und bewerben Sie sich oder schreiben Sie uns eine Initiativbewerbung!\" \/>\n<script type=\"application\/ld+json\" class=\"yoast-schema-graph\">{\"@context\":\"https:\\\/\\\/schema.org\",\"@graph\":[{\"@type\":\"WebPage\",\"@id\":\"https:\\\/\\\/nedclad.j-db.nl\\\/de\\\/ueber-uns\\\/stellenangebote\\\/\",\"url\":\"https:\\\/\\\/nedclad.j-db.nl\\\/de\\\/ueber-uns\\\/stellenangebote\\\/\",\"name\":\"Stellenangebote | NedClad Technology BV\",\"isPartOf\":{\"@id\":\"https:\\\/\\\/www.nedclad.nl\\\/#website\"},\"datePublished\":\"2016-02-06T12:08:54+00:00\",\"dateModified\":\"2022-02-23T23:38:27+00:00\",\"description\":\"Sehen Sie sich hier die \u00dcbersicht der aktuellen Stellenangebote bei NedClad an und bewerben Sie sich oder schreiben Sie uns eine Initiativbewerbung!\",\"breadcrumb\":{\"@id\":\"https:\\\/\\\/nedclad.j-db.nl\\\/de\\\/ueber-uns\\\/stellenangebote\\\/#breadcrumb\"},\"inLanguage\":\"de\",\"potentialAction\":[{\"@type\":\"ReadAction\",\"target\":[\"https:\\\/\\\/nedclad.j-db.nl\\\/de\\\/ueber-uns\\\/stellenangebote\\\/\"]}]},{\"@type\":\"BreadcrumbList\",\"@id\":\"https:\\\/\\\/nedclad.j-db.nl\\\/de\\\/ueber-uns\\\/stellenangebote\\\/#breadcrumb\",\"itemListElement\":[{\"@type\":\"ListItem\",\"position\":1,\"name\":\"Home\",\"item\":\"https:\\\/\\\/www.nedclad.nl\\\/de\\\/\"},{\"@type\":\"ListItem\",\"position\":2,\"name\":\"\u00dcber uns\",\"item\":\"https:\\\/\\\/www.nedclad.nl\\\/de\\\/ueber-uns\\\/\"},{\"@type\":\"ListItem\",\"position\":3,\"name\":\"Stellenangebote\"}]},{\"@type\":\"WebSite\",\"@id\":\"https:\\\/\\\/www.nedclad.nl\\\/#website\",\"url\":\"https:\\\/\\\/www.nedclad.nl\\\/\",\"name\":\"NedClad Technology BV\",\"description\":\"specialist in lasercladden\",\"publisher\":{\"@id\":\"https:\\\/\\\/www.nedclad.nl\\\/#organization\"},\"potentialAction\":[{\"@type\":\"SearchAction\",\"target\":{\"@type\":\"EntryPoint\",\"urlTemplate\":\"https:\\\/\\\/www.nedclad.nl\\\/?s={search_term_string}\"},\"query-input\":{\"@type\":\"PropertyValueSpecification\",\"valueRequired\":true,\"valueName\":\"search_term_string\"}}],\"inLanguage\":\"de\"},{\"@type\":\"Organization\",\"@id\":\"https:\\\/\\\/www.nedclad.nl\\\/#organization\",\"name\":\"NedClad Technology BV\",\"url\":\"https:\\\/\\\/www.nedclad.nl\\\/\",\"logo\":{\"@type\":\"ImageObject\",\"inLanguage\":\"de\",\"@id\":\"https:\\\/\\\/www.nedclad.nl\\\/#\\\/schema\\\/logo\\\/image\\\/\",\"url\":\"https:\\\/\\\/www.nedclad.nl\\\/wp-content\\\/uploads\\\/nedclad-logo.png\",\"contentUrl\":\"https:\\\/\\\/www.nedclad.nl\\\/wp-content\\\/uploads\\\/nedclad-logo.png\",\"width\":500,\"height\":150,\"caption\":\"NedClad Technology BV\"},\"image\":{\"@id\":\"https:\\\/\\\/www.nedclad.nl\\\/#\\\/schema\\\/logo\\\/image\\\/\"},\"sameAs\":[\"https:\\\/\\\/www.linkedin.com\\\/company\\\/nedclad-technology-bv\\\/\"]}]}<\/script>\n<!-- \/ Yoast SEO plugin. -->","yoast_head_json":{"title":"Stellenangebote | NedClad Technology BV","description":"Sehen Sie sich hier die \u00dcbersicht der aktuellen Stellenangebote bei NedClad an und bewerben Sie sich oder schreiben Sie uns eine Initiativbewerbung!","robots":{"index":"index","follow":"follow","max-snippet":"max-snippet:-1","max-image-preview":"max-image-preview:large","max-video-preview":"max-video-preview:-1"},"canonical":"https:\/\/nedclad.j-db.nl\/de\/ueber-uns\/stellenangebote\/","og_locale":"de_DE","og_type":"article","og_title":"Stellenangebote | NedClad Technology BV","og_description":"Sehen Sie sich hier die \u00dcbersicht der aktuellen Stellenangebote bei NedClad an und bewerben Sie sich oder schreiben Sie uns eine Initiativbewerbung!","og_url":"https:\/\/nedclad.j-db.nl\/de\/ueber-uns\/stellenangebote\/","og_site_name":"NedClad Technology BV","article_modified_time":"2022-02-23T23:38:27+00:00","og_image":[{"width":400,"height":289,"url":"https:\/\/nedclad.j-db.nl\/wp-content\/uploads\/NedClad.png","type":"image\/png"}],"twitter_card":"summary_large_image","twitter_title":"Stellenangebote | NedClad Technology BV","twitter_description":"Sehen Sie sich hier die \u00dcbersicht der aktuellen Stellenangebote bei NedClad an und bewerben Sie sich oder schreiben Sie uns eine Initiativbewerbung!","schema":{"@context":"https:\/\/schema.org","@graph":[{"@type":"WebPage","@id":"https:\/\/nedclad.j-db.nl\/de\/ueber-uns\/stellenangebote\/","url":"https:\/\/nedclad.j-db.nl\/de\/ueber-uns\/stellenangebote\/","name":"Stellenangebote | NedClad Technology BV","isPartOf":{"@id":"https:\/\/www.nedclad.nl\/#website"},"datePublished":"2016-02-06T12:08:54+00:00","dateModified":"2022-02-23T23:38:27+00:00","description":"Sehen Sie sich hier die \u00dcbersicht der aktuellen Stellenangebote bei NedClad an und bewerben Sie sich oder schreiben Sie uns eine Initiativbewerbung!","breadcrumb":{"@id":"https:\/\/nedclad.j-db.nl\/de\/ueber-uns\/stellenangebote\/#breadcrumb"},"inLanguage":"de","potentialAction":[{"@type":"ReadAction","target":["https:\/\/nedclad.j-db.nl\/de\/ueber-uns\/stellenangebote\/"]}]},{"@type":"BreadcrumbList","@id":"https:\/\/nedclad.j-db.nl\/de\/ueber-uns\/stellenangebote\/#breadcrumb","itemListElement":[{"@type":"ListItem","position":1,"name":"Home","item":"https:\/\/www.nedclad.nl\/de\/"},{"@type":"ListItem","position":2,"name":"\u00dcber uns","item":"https:\/\/www.nedclad.nl\/de\/ueber-uns\/"},{"@type":"ListItem","position":3,"name":"Stellenangebote"}]},{"@type":"WebSite","@id":"https:\/\/www.nedclad.nl\/#website","url":"https:\/\/www.nedclad.nl\/","name":"NedClad Technology BV","description":"specialist in lasercladden","publisher":{"@id":"https:\/\/www.nedclad.nl\/#organization"},"potentialAction":[{"@type":"SearchAction","target":{"@type":"EntryPoint","urlTemplate":"https:\/\/www.nedclad.nl\/?s={search_term_string}"},"query-input":{"@type":"PropertyValueSpecification","valueRequired":true,"valueName":"search_term_string"}}],"inLanguage":"de"},{"@type":"Organization","@id":"https:\/\/www.nedclad.nl\/#organization","name":"NedClad Technology BV","url":"https:\/\/www.nedclad.nl\/","logo":{"@type":"ImageObject","inLanguage":"de","@id":"https:\/\/www.nedclad.nl\/#\/schema\/logo\/image\/","url":"https:\/\/www.nedclad.nl\/wp-content\/uploads\/nedclad-logo.png","contentUrl":"https:\/\/www.nedclad.nl\/wp-content\/uploads\/nedclad-logo.png","width":500,"height":150,"caption":"NedClad Technology BV"},"image":{"@id":"https:\/\/www.nedclad.nl\/#\/schema\/logo\/image\/"},"sameAs":["https:\/\/www.linkedin.com\/company\/nedclad-technology-bv\/"]}]}},"_links":{"self":[{"href":"https:\/\/nedclad.j-db.nl\/de\/wp-json\/wp\/v2\/pages\/295","targetHints":{"allow":["GET"]}}],"collection":[{"href":"https:\/\/nedclad.j-db.nl\/de\/wp-json\/wp\/v2\/pages"}],"about":[{"href":"https:\/\/nedclad.j-db.nl\/de\/wp-json\/wp\/v2\/types\/page"}],"author":[{"embeddable":true,"href":"https:\/\/nedclad.j-db.nl\/de\/wp-json\/wp\/v2\/users\/5"}],"replies":[{"embeddable":true,"href":"https:\/\/nedclad.j-db.nl\/de\/wp-json\/wp\/v2\/comments?post=295"}],"version-history":[{"count":1,"href":"https:\/\/nedclad.j-db.nl\/de\/wp-json\/wp\/v2\/pages\/295\/revisions"}],"predecessor-version":[{"id":2210,"href":"https:\/\/nedclad.j-db.nl\/de\/wp-json\/wp\/v2\/pages\/295\/revisions\/2210"}],"up":[{"embeddable":true,"href":"https:\/\/nedclad.j-db.nl\/de\/wp-json\/wp\/v2\/pages\/371"}],"wp:attachment":[{"href":"https:\/\/nedclad.j-db.nl\/de\/wp-json\/wp\/v2\/media?parent=295"}],"curies":[{"name":"wp","href":"https:\/\/api.w.org\/{rel}","templated":true}]}}