{"id":376,"date":"2016-02-06T15:05:54","date_gmt":"2016-02-06T14:05:54","guid":{"rendered":"http:\/\/www.nedclad.nl\/?page_id=376"},"modified":"2022-02-21T00:02:59","modified_gmt":"2022-02-20T23:02:59","slug":"geschichte","status":"publish","type":"page","link":"https:\/\/nedclad.j-db.nl\/de\/ueber-uns\/geschichte\/","title":{"rendered":"Geschichte"},"content":{"rendered":"<h2>2000<\/h2>\n<ul>\n<li>Gr\u00fcndung als TOP-Bedrijf der Universit\u00e4t Twente.<\/li>\n<li>Entwicklung Laseroptik und Pulverd\u00fcse.<\/li>\n<\/ul>\n<h2>2003<\/h2>\n<ul>\n<li>Umzug aus der Universit\u00e4t zu Demar Laser BV, Hengelo.<\/li>\n<li>Wieterentwicklung der ersten prakt. Anwendungen f\u00fcr die Erdgas- und Pumpenindustrie.<\/li>\n<\/ul>\n<h2>2008<\/h2>\n<ul>\n<li>\u00c4nderung der Gesellschafterstruktur und der Gesch\u00e4ftsf\u00fchrung.<\/li>\n<li>Erweiterung der Anwendungsbereiche nach Abschluss der Basisentwicklung.<\/li>\n<\/ul>\n<h2>2009<\/h2>\n<ul>\n<li>Umzug in die eigene Halle im Industriegebiet Twentekanaal, Hengelo.<\/li>\n<li><a href=\"https:\/\/nedclad.j-db.nl\/de\/nachrichten\/nedclad-gewinnt-den-industrial-maintenance-innovation-award\/\">Auszeichnung: &#8222;Industrial Maintenance Innovation Award&#8220;<\/a>.<\/li>\n<li>Inbetriebnahme 2. Laser und 2. Roboter.<\/li>\n<\/ul>\n<h2>2016<\/h2>\n<ul>\n<li>Verdoppelung der Produktions- und B\u00fcrofl\u00e4che.<\/li>\n<li>Installation eines Deckenkrans.<\/li>\n<li>Inbetriebnahme 3. Roboter.<\/li>\n<li>Schwerpunkte in den M\u00e4rkten Erd\u00f6l-, Erdgas-, Chemieindustrie, Maschinenbau und Energiesektor.<\/li>\n<\/ul>\n<p>&nbsp;<\/p>\n","protected":false},"excerpt":{"rendered":"<p>2000 Gr\u00fcndung als TOP-Bedrijf der Universit\u00e4t Twente. Entwicklung Laseroptik und Pulverd\u00fcse. 2003 Umzug aus der Universit\u00e4t zu Demar Laser BV, Hengelo. Wieterentwicklung der ersten prakt. Anwendungen f\u00fcr die Erdgas- und &#8230; <a class=\"read-more\" href=\"https:\/\/nedclad.j-db.nl\/de\/ueber-uns\/geschichte\/\">Lees verder<\/a>  &raquo;<\/p>\n","protected":false},"author":5,"featured_media":0,"parent":371,"menu_order":42,"comment_status":"closed","ping_status":"closed","template":"","meta":{"_acf_changed":false,"_monsterinsights_skip_tracking":false,"_monsterinsights_sitenote_active":false,"_monsterinsights_sitenote_note":"","_monsterinsights_sitenote_category":0,"footnotes":""},"class_list":["post-376","page","type-page","status-publish","hentry"],"acf":{"show_usp":false,"show_cta":true,"cta_text":"M\u00f6chten Sie \u00fcber Entwicklungen bei NedClad auf dem Laufenden bleiben?","cta_button":"Lesen Sie unsere neuesten Nachrichten","cta_link":"https:\/\/www.nedclad.nl\/de\/nachrichten\/"},"yoast_head":"<!-- This site is optimized with the Yoast SEO plugin v27.4 - https:\/\/yoast.com\/product\/yoast-seo-wordpress\/ -->\n<title>Geschichte | NedClad Technology BV<\/title>\n<meta name=\"robots\" content=\"index, follow, max-snippet:-1, max-image-preview:large, max-video-preview:-1\" \/>\n<link rel=\"canonical\" href=\"https:\/\/nedclad.j-db.nl\/de\/ueber-uns\/geschichte\/\" \/>\n<meta property=\"og:locale\" content=\"de_DE\" \/>\n<meta property=\"og:type\" content=\"article\" \/>\n<meta property=\"og:title\" content=\"Geschichte | NedClad Technology BV\" \/>\n<meta property=\"og:description\" content=\"2000 Gr\u00fcndung als TOP-Bedrijf der Universit\u00e4t Twente. Entwicklung Laseroptik und Pulverd\u00fcse. 2003 Umzug aus der Universit\u00e4t zu Demar Laser BV, Hengelo. Wieterentwicklung der ersten prakt. Anwendungen f\u00fcr die Erdgas- und ... Lees verder &raquo;\" \/>\n<meta property=\"og:url\" content=\"https:\/\/nedclad.j-db.nl\/de\/ueber-uns\/geschichte\/\" \/>\n<meta property=\"og:site_name\" content=\"NedClad Technology BV\" \/>\n<meta property=\"article:modified_time\" content=\"2022-02-20T23:02:59+00:00\" \/>\n<meta property=\"og:image\" content=\"https:\/\/nedclad.j-db.nl\/wp-content\/uploads\/NedClad.png\" \/>\n\t<meta property=\"og:image:width\" content=\"400\" \/>\n\t<meta property=\"og:image:height\" content=\"289\" \/>\n\t<meta property=\"og:image:type\" content=\"image\/png\" \/>\n<meta name=\"twitter:card\" content=\"summary_large_image\" \/>\n<meta name=\"twitter:label1\" content=\"Gesch\u00e4tzte Lesezeit\" \/>\n\t<meta name=\"twitter:data1\" content=\"1\u00a0Minute\" \/>\n<script type=\"application\/ld+json\" class=\"yoast-schema-graph\">{\"@context\":\"https:\\\/\\\/schema.org\",\"@graph\":[{\"@type\":\"WebPage\",\"@id\":\"https:\\\/\\\/nedclad.j-db.nl\\\/de\\\/ueber-uns\\\/geschichte\\\/\",\"url\":\"https:\\\/\\\/nedclad.j-db.nl\\\/de\\\/ueber-uns\\\/geschichte\\\/\",\"name\":\"Geschichte | NedClad Technology BV\",\"isPartOf\":{\"@id\":\"https:\\\/\\\/www.nedclad.nl\\\/#website\"},\"datePublished\":\"2016-02-06T14:05:54+00:00\",\"dateModified\":\"2022-02-20T23:02:59+00:00\",\"breadcrumb\":{\"@id\":\"https:\\\/\\\/nedclad.j-db.nl\\\/de\\\/ueber-uns\\\/geschichte\\\/#breadcrumb\"},\"inLanguage\":\"de\",\"potentialAction\":[{\"@type\":\"ReadAction\",\"target\":[\"https:\\\/\\\/nedclad.j-db.nl\\\/de\\\/ueber-uns\\\/geschichte\\\/\"]}]},{\"@type\":\"BreadcrumbList\",\"@id\":\"https:\\\/\\\/nedclad.j-db.nl\\\/de\\\/ueber-uns\\\/geschichte\\\/#breadcrumb\",\"itemListElement\":[{\"@type\":\"ListItem\",\"position\":1,\"name\":\"Home\",\"item\":\"https:\\\/\\\/www.nedclad.nl\\\/de\\\/\"},{\"@type\":\"ListItem\",\"position\":2,\"name\":\"\u00dcber uns\",\"item\":\"https:\\\/\\\/www.nedclad.nl\\\/de\\\/ueber-uns\\\/\"},{\"@type\":\"ListItem\",\"position\":3,\"name\":\"Geschichte\"}]},{\"@type\":\"WebSite\",\"@id\":\"https:\\\/\\\/www.nedclad.nl\\\/#website\",\"url\":\"https:\\\/\\\/www.nedclad.nl\\\/\",\"name\":\"NedClad Technology BV\",\"description\":\"specialist in lasercladden\",\"publisher\":{\"@id\":\"https:\\\/\\\/www.nedclad.nl\\\/#organization\"},\"potentialAction\":[{\"@type\":\"SearchAction\",\"target\":{\"@type\":\"EntryPoint\",\"urlTemplate\":\"https:\\\/\\\/www.nedclad.nl\\\/?s={search_term_string}\"},\"query-input\":{\"@type\":\"PropertyValueSpecification\",\"valueRequired\":true,\"valueName\":\"search_term_string\"}}],\"inLanguage\":\"de\"},{\"@type\":\"Organization\",\"@id\":\"https:\\\/\\\/www.nedclad.nl\\\/#organization\",\"name\":\"NedClad Technology BV\",\"url\":\"https:\\\/\\\/www.nedclad.nl\\\/\",\"logo\":{\"@type\":\"ImageObject\",\"inLanguage\":\"de\",\"@id\":\"https:\\\/\\\/www.nedclad.nl\\\/#\\\/schema\\\/logo\\\/image\\\/\",\"url\":\"https:\\\/\\\/www.nedclad.nl\\\/wp-content\\\/uploads\\\/nedclad-logo.png\",\"contentUrl\":\"https:\\\/\\\/www.nedclad.nl\\\/wp-content\\\/uploads\\\/nedclad-logo.png\",\"width\":500,\"height\":150,\"caption\":\"NedClad Technology BV\"},\"image\":{\"@id\":\"https:\\\/\\\/www.nedclad.nl\\\/#\\\/schema\\\/logo\\\/image\\\/\"},\"sameAs\":[\"https:\\\/\\\/www.linkedin.com\\\/company\\\/nedclad-technology-bv\\\/\"]}]}<\/script>\n<!-- \/ Yoast SEO plugin. -->","yoast_head_json":{"title":"Geschichte | NedClad Technology BV","robots":{"index":"index","follow":"follow","max-snippet":"max-snippet:-1","max-image-preview":"max-image-preview:large","max-video-preview":"max-video-preview:-1"},"canonical":"https:\/\/nedclad.j-db.nl\/de\/ueber-uns\/geschichte\/","og_locale":"de_DE","og_type":"article","og_title":"Geschichte | NedClad Technology BV","og_description":"2000 Gr\u00fcndung als TOP-Bedrijf der Universit\u00e4t Twente. Entwicklung Laseroptik und Pulverd\u00fcse. 2003 Umzug aus der Universit\u00e4t zu Demar Laser BV, Hengelo. Wieterentwicklung der ersten prakt. Anwendungen f\u00fcr die Erdgas- und ... Lees verder &raquo;","og_url":"https:\/\/nedclad.j-db.nl\/de\/ueber-uns\/geschichte\/","og_site_name":"NedClad Technology BV","article_modified_time":"2022-02-20T23:02:59+00:00","og_image":[{"width":400,"height":289,"url":"https:\/\/nedclad.j-db.nl\/wp-content\/uploads\/NedClad.png","type":"image\/png"}],"twitter_card":"summary_large_image","twitter_misc":{"Gesch\u00e4tzte Lesezeit":"1\u00a0Minute"},"schema":{"@context":"https:\/\/schema.org","@graph":[{"@type":"WebPage","@id":"https:\/\/nedclad.j-db.nl\/de\/ueber-uns\/geschichte\/","url":"https:\/\/nedclad.j-db.nl\/de\/ueber-uns\/geschichte\/","name":"Geschichte | NedClad Technology BV","isPartOf":{"@id":"https:\/\/www.nedclad.nl\/#website"},"datePublished":"2016-02-06T14:05:54+00:00","dateModified":"2022-02-20T23:02:59+00:00","breadcrumb":{"@id":"https:\/\/nedclad.j-db.nl\/de\/ueber-uns\/geschichte\/#breadcrumb"},"inLanguage":"de","potentialAction":[{"@type":"ReadAction","target":["https:\/\/nedclad.j-db.nl\/de\/ueber-uns\/geschichte\/"]}]},{"@type":"BreadcrumbList","@id":"https:\/\/nedclad.j-db.nl\/de\/ueber-uns\/geschichte\/#breadcrumb","itemListElement":[{"@type":"ListItem","position":1,"name":"Home","item":"https:\/\/www.nedclad.nl\/de\/"},{"@type":"ListItem","position":2,"name":"\u00dcber uns","item":"https:\/\/www.nedclad.nl\/de\/ueber-uns\/"},{"@type":"ListItem","position":3,"name":"Geschichte"}]},{"@type":"WebSite","@id":"https:\/\/www.nedclad.nl\/#website","url":"https:\/\/www.nedclad.nl\/","name":"NedClad Technology BV","description":"specialist in lasercladden","publisher":{"@id":"https:\/\/www.nedclad.nl\/#organization"},"potentialAction":[{"@type":"SearchAction","target":{"@type":"EntryPoint","urlTemplate":"https:\/\/www.nedclad.nl\/?s={search_term_string}"},"query-input":{"@type":"PropertyValueSpecification","valueRequired":true,"valueName":"search_term_string"}}],"inLanguage":"de"},{"@type":"Organization","@id":"https:\/\/www.nedclad.nl\/#organization","name":"NedClad Technology BV","url":"https:\/\/www.nedclad.nl\/","logo":{"@type":"ImageObject","inLanguage":"de","@id":"https:\/\/www.nedclad.nl\/#\/schema\/logo\/image\/","url":"https:\/\/www.nedclad.nl\/wp-content\/uploads\/nedclad-logo.png","contentUrl":"https:\/\/www.nedclad.nl\/wp-content\/uploads\/nedclad-logo.png","width":500,"height":150,"caption":"NedClad Technology BV"},"image":{"@id":"https:\/\/www.nedclad.nl\/#\/schema\/logo\/image\/"},"sameAs":["https:\/\/www.linkedin.com\/company\/nedclad-technology-bv\/"]}]}},"_links":{"self":[{"href":"https:\/\/nedclad.j-db.nl\/de\/wp-json\/wp\/v2\/pages\/376","targetHints":{"allow":["GET"]}}],"collection":[{"href":"https:\/\/nedclad.j-db.nl\/de\/wp-json\/wp\/v2\/pages"}],"about":[{"href":"https:\/\/nedclad.j-db.nl\/de\/wp-json\/wp\/v2\/types\/page"}],"author":[{"embeddable":true,"href":"https:\/\/nedclad.j-db.nl\/de\/wp-json\/wp\/v2\/users\/5"}],"replies":[{"embeddable":true,"href":"https:\/\/nedclad.j-db.nl\/de\/wp-json\/wp\/v2\/comments?post=376"}],"version-history":[{"count":4,"href":"https:\/\/nedclad.j-db.nl\/de\/wp-json\/wp\/v2\/pages\/376\/revisions"}],"predecessor-version":[{"id":2083,"href":"https:\/\/nedclad.j-db.nl\/de\/wp-json\/wp\/v2\/pages\/376\/revisions\/2083"}],"up":[{"embeddable":true,"href":"https:\/\/nedclad.j-db.nl\/de\/wp-json\/wp\/v2\/pages\/371"}],"wp:attachment":[{"href":"https:\/\/nedclad.j-db.nl\/de\/wp-json\/wp\/v2\/media?parent=376"}],"curies":[{"name":"wp","href":"https:\/\/api.w.org\/{rel}","templated":true}]}}